{"id":80,"date":"2020-08-27T22:28:33","date_gmt":"2020-08-27T20:28:33","guid":{"rendered":"http:\/\/www2.jpgs-schwarzenbach.de\/?page_id=80"},"modified":"2025-10-16T12:58:43","modified_gmt":"2025-10-16T10:58:43","slug":"beratungslehrkraft","status":"publish","type":"page","link":"https:\/\/www.jpgs-schwarzenbach.de\/?page_id=80","title":{"rendered":"Beratungslehrkraft"},"content":{"rendered":"\n<div class=\"wp-block-media-text is-stacked-on-mobile alignwide has-background\" style=\"background-color:#c3e3cb;grid-template-columns:38% auto\"><figure class=\"wp-block-media-text__media\"><img loading=\"lazy\" decoding=\"async\" width=\"768\" height=\"1024\" src=\"http:\/\/www2.jpgs-schwarzenbach.de\/wp-content\/uploads\/2020\/09\/855BA1F7-8E9A-47E2-8014-66BF364C83CA_1_201_a-1-768x1024.jpeg\" alt=\"\" class=\"wp-image-155 size-full\" srcset=\"https:\/\/www.jpgs-schwarzenbach.de\/wp-content\/uploads\/2020\/09\/855BA1F7-8E9A-47E2-8014-66BF364C83CA_1_201_a-1-768x1024.jpeg 768w, https:\/\/www.jpgs-schwarzenbach.de\/wp-content\/uploads\/2020\/09\/855BA1F7-8E9A-47E2-8014-66BF364C83CA_1_201_a-1-225x300.jpeg 225w, https:\/\/www.jpgs-schwarzenbach.de\/wp-content\/uploads\/2020\/09\/855BA1F7-8E9A-47E2-8014-66BF364C83CA_1_201_a-1-1152x1536.jpeg 1152w, https:\/\/www.jpgs-schwarzenbach.de\/wp-content\/uploads\/2020\/09\/855BA1F7-8E9A-47E2-8014-66BF364C83CA_1_201_a-1-1536x2048.jpeg 1536w, https:\/\/www.jpgs-schwarzenbach.de\/wp-content\/uploads\/2020\/09\/855BA1F7-8E9A-47E2-8014-66BF364C83CA_1_201_a-1-203x270.jpeg 203w, https:\/\/www.jpgs-schwarzenbach.de\/wp-content\/uploads\/2020\/09\/855BA1F7-8E9A-47E2-8014-66BF364C83CA_1_201_a-1-scaled.jpeg 1920w\" sizes=\"auto, (max-width: 768px) 100vw, 768px\" \/><\/figure><div class=\"wp-block-media-text__content\">\n<p class=\"has-medium-font-size\"><strong>Unsere Beratungslehrerin     Silke K\u00f6ppel<\/strong><\/p>\n\n\n\n<p class=\"has-small-font-size\"><strong>Mail: silke.koeppel@schule.bayern.de <\/strong><\/p>\n\n\n\n<p class=\"has-small-font-size\"><strong>Tel: 09284 &#8211; 969 40<\/strong><\/p>\n<\/div><\/div>\n\n\n\n<p><\/p>\n\n\n\n<p>Beratungslehrer sind Ansprechpartner f\u00fcr Eltern und Sch\u00fcler bei<\/p>\n\n\n\n<ul class=\"wp-block-list\">\n<li>Lern- und Leistungsschwierigkeiten<\/li>\n\n\n\n<li>Verhaltensproblemen<\/li>\n\n\n\n<li>Fragen der Schullaufbahnberatung<\/li>\n\n\n\n<li>besonderen Begabungen<\/li>\n\n\n\n<li>schulischen Konflikten<\/li>\n\n\n\n<li>der Suche nach au\u00dferschulischen Hilfen<\/li>\n<\/ul>\n\n\n\n<p><strong>Das Angebot der Staatlichen Schulberatung ist kostenfrei und unterliegt der Schweigepflicht.<\/strong><\/p>\n","protected":false},"excerpt":{"rendered":"<p>Unsere Beratungslehrerin Silke K\u00f6ppel Mail: silke.koeppel@schule.bayern.de Tel: 09284 &#8211; 969 40 Beratungslehrer sind Ansprechpartner f\u00fcr Eltern und Sch\u00fcler bei Das Angebot der Staatlichen Schulberatung ist kostenfrei und unterliegt der Schweigepflicht.<\/p>\n","protected":false},"author":2,"featured_media":0,"parent":0,"menu_order":0,"comment_status":"closed","ping_status":"closed","template":"","meta":{"footnotes":""},"class_list":["post-80","page","type-page","status-publish","hentry"],"_links":{"self":[{"href":"https:\/\/www.jpgs-schwarzenbach.de\/index.php?rest_route=\/wp\/v2\/pages\/80","targetHints":{"allow":["GET"]}}],"collection":[{"href":"https:\/\/www.jpgs-schwarzenbach.de\/index.php?rest_route=\/wp\/v2\/pages"}],"about":[{"href":"https:\/\/www.jpgs-schwarzenbach.de\/index.php?rest_route=\/wp\/v2\/types\/page"}],"author":[{"embeddable":true,"href":"https:\/\/www.jpgs-schwarzenbach.de\/index.php?rest_route=\/wp\/v2\/users\/2"}],"replies":[{"embeddable":true,"href":"https:\/\/www.jpgs-schwarzenbach.de\/index.php?rest_route=%2Fwp%2Fv2%2Fcomments&post=80"}],"version-history":[{"count":12,"href":"https:\/\/www.jpgs-schwarzenbach.de\/index.php?rest_route=\/wp\/v2\/pages\/80\/revisions"}],"predecessor-version":[{"id":1232,"href":"https:\/\/www.jpgs-schwarzenbach.de\/index.php?rest_route=\/wp\/v2\/pages\/80\/revisions\/1232"}],"wp:attachment":[{"href":"https:\/\/www.jpgs-schwarzenbach.de\/index.php?rest_route=%2Fwp%2Fv2%2Fmedia&parent=80"}],"curies":[{"name":"wp","href":"https:\/\/api.w.org\/{rel}","templated":true}]}}