{"id":105,"date":"2020-08-27T22:39:01","date_gmt":"2020-08-27T20:39:01","guid":{"rendered":"http:\/\/www2.jpgs-schwarzenbach.de\/?page_id=105"},"modified":"2025-10-16T12:45:18","modified_gmt":"2025-10-16T10:45:18","slug":"elternbeirat","status":"publish","type":"page","link":"https:\/\/www.jpgs-schwarzenbach.de\/?page_id=105","title":{"rendered":"Elternbeirat"},"content":{"rendered":"\n<p><strong>Der Elternbeirat im Schuljahr 2025\/26<\/strong><\/p>\n\n\n\n<figure class=\"wp-block-image size-large\"><img loading=\"lazy\" decoding=\"async\" width=\"1024\" height=\"668\" src=\"https:\/\/www.jpgs-schwarzenbach.de\/wp-content\/uploads\/2025\/10\/IMG_5866-zugeschnitten-1024x668.jpg\" alt=\"\" class=\"wp-image-1225\" srcset=\"https:\/\/www.jpgs-schwarzenbach.de\/wp-content\/uploads\/2025\/10\/IMG_5866-zugeschnitten-1024x668.jpg 1024w, https:\/\/www.jpgs-schwarzenbach.de\/wp-content\/uploads\/2025\/10\/IMG_5866-zugeschnitten-300x196.jpg 300w, https:\/\/www.jpgs-schwarzenbach.de\/wp-content\/uploads\/2025\/10\/IMG_5866-zugeschnitten-768x501.jpg 768w, https:\/\/www.jpgs-schwarzenbach.de\/wp-content\/uploads\/2025\/10\/IMG_5866-zugeschnitten-1536x1002.jpg 1536w, https:\/\/www.jpgs-schwarzenbach.de\/wp-content\/uploads\/2025\/10\/IMG_5866-zugeschnitten-2048x1335.jpg 2048w, https:\/\/www.jpgs-schwarzenbach.de\/wp-content\/uploads\/2025\/10\/IMG_5866-zugeschnitten-414x270.jpg 414w\" sizes=\"auto, (max-width: 1024px) 100vw, 1024px\" \/><\/figure>\n\n\n\n<details class=\"wp-block-details is-layout-flow wp-block-details-is-layout-flow\"><summary>von links:<br>stehend: Thomas Widera (4a), Christian K\u00e4mpfer (1c), Miriam Reichel (2b), Merve Cicek (1b, 4b), Renee Neupert (3b), Stefanie Reihl (1b) <br>sitzend:<br>Jana Kuske (3a), Andreas Hofer-Mank (2a), Jessica M\u00fcller (1a, Vorsitzende), Steffen Neupert (2b, stellv. Vorsitzender), Stefanie Heck (3a)<br>es fehlt:<br>Hiveen Mohamad (2b, 4a)<br><br>Wir als Elternbeirat verstehen uns als aktives Bindeglied zwischen Schule und Elternhaus und legen Wert auf eine vertrauensvolle Zusammenarbeit zwischen Eltern, Lehrkr\u00e4ften und Schulleitung im Sinne der Kinder. Es ist uns ein gro\u00dfes Anliegen dies zu wahren und zu f\u00f6rdern.<br>Wir informieren in Absprache mit der Schule \u00fcber schulische Angelegenheiten, vermitteln bei Problemen und haben immer ein offenes Ohr f\u00fcr W\u00fcnsche, Anregungen und Vorschl\u00e4ge der Eltern und geben diese an die Schule weiter. Gern beteiligen wir uns aktiv am Schulgeschehen und helfen mit bei Festen, Veranstaltungen und Schulprogrammen der Lehrer. In den letzten Jahren war die Organisation des Schulfestes immer ein sch\u00f6nes, gelungenes Highlight. Wir m\u00f6chten da sein, mitwirken und immer ein offenes Ohr haben. Kontaktieren Sie uns sehr gerne!<br><br><em>Die Rechte und Pflichten des Elternbeirates einer Grundschulde sind in \u00a764-68 des Bayerischen Gesetztes \u00fcber das Erziehungs- und Unterrichtswesen (BayEUG) geregelt.<\/em><br><br><strong>So erreichen Sie uns:<\/strong><br>elternbeirat@jpgs-schwarzenbach.de<\/summary>\n<div class=\"wp-block-group\"><div class=\"wp-block-group__inner-container is-layout-constrained wp-block-group-is-layout-constrained\"><\/div><\/div>\n<\/details>\n","protected":false},"excerpt":{"rendered":"<p>Der Elternbeirat im Schuljahr 2025\/26<\/p>\n","protected":false},"author":2,"featured_media":0,"parent":0,"menu_order":0,"comment_status":"closed","ping_status":"closed","template":"","meta":{"footnotes":""},"class_list":["post-105","page","type-page","status-publish","hentry"],"_links":{"self":[{"href":"https:\/\/www.jpgs-schwarzenbach.de\/index.php?rest_route=\/wp\/v2\/pages\/105","targetHints":{"allow":["GET"]}}],"collection":[{"href":"https:\/\/www.jpgs-schwarzenbach.de\/index.php?rest_route=\/wp\/v2\/pages"}],"about":[{"href":"https:\/\/www.jpgs-schwarzenbach.de\/index.php?rest_route=\/wp\/v2\/types\/page"}],"author":[{"embeddable":true,"href":"https:\/\/www.jpgs-schwarzenbach.de\/index.php?rest_route=\/wp\/v2\/users\/2"}],"replies":[{"embeddable":true,"href":"https:\/\/www.jpgs-schwarzenbach.de\/index.php?rest_route=%2Fwp%2Fv2%2Fcomments&post=105"}],"version-history":[{"count":11,"href":"https:\/\/www.jpgs-schwarzenbach.de\/index.php?rest_route=\/wp\/v2\/pages\/105\/revisions"}],"predecessor-version":[{"id":1226,"href":"https:\/\/www.jpgs-schwarzenbach.de\/index.php?rest_route=\/wp\/v2\/pages\/105\/revisions\/1226"}],"wp:attachment":[{"href":"https:\/\/www.jpgs-schwarzenbach.de\/index.php?rest_route=%2Fwp%2Fv2%2Fmedia&parent=105"}],"curies":[{"name":"wp","href":"https:\/\/api.w.org\/{rel}","templated":true}]}}